{"id":142,"date":"2023-05-30T12:58:44","date_gmt":"2023-05-30T10:58:44","guid":{"rendered":"http:\/\/localhost\/kistemplom3\/?page_id=142"},"modified":"2026-03-24T22:27:37","modified_gmt":"2026-03-24T21:27:37","slug":"turisztika","status":"publish","type":"page","link":"https:\/\/kistemplom.dedipage.hu\/index.php\/turisztika\/","title":{"rendered":"Turisztika"},"content":{"rendered":"<div data-colibri-id=\"142-c1\" class=\"style-1397 style-local-142-c1 position-relative\">\n  <!---->\n  <div data-colibri-component=\"section\" data-colibri-id=\"142-c5\" id=\"about\" class=\"h-section h-section-global-spacing d-flex align-items-lg-center align-items-md-center align-items-center style-1401 style-local-142-c5 position-relative\">\n    <!---->\n    <!---->\n    <div class=\"h-section-grid-container h-section-boxed-container\">\n      <!---->\n      <div data-colibri-id=\"142-c6\" class=\"h-row-container gutters-row-lg-2 gutters-row-md-2 gutters-row-0 gutters-row-v-lg-2 gutters-row-v-md-2 gutters-row-v-2 style-1402 style-local-142-c6 position-relative\">\n        <!---->\n        <div class=\"h-row justify-content-lg-center justify-content-md-center justify-content-center align-items-lg-stretch align-items-md-stretch align-items-stretch gutters-col-lg-2 gutters-col-md-2 gutters-col-0 gutters-col-v-lg-2 gutters-col-v-md-2 gutters-col-v-2\">\n          <!---->\n          <div class=\"h-column h-column-container d-flex h-col-lg-auto h-col-md-auto h-col-auto style-1403-outer style-local-142-c7-outer\">\n            <div data-colibri-id=\"142-c7\" class=\"d-flex h-flex-basis h-column__inner h-px-lg-2 h-px-md-2 h-px-2 v-inner-lg-2 v-inner-md-2 v-inner-2 style-1403 style-local-142-c7 position-relative\">\n              <!---->\n              <!---->\n              <div class=\"w-100 h-y-container h-column__content h-column__v-align flex-basis-100 align-self-lg-center align-self-md-center align-self-center\">\n                <!---->\n                <div data-colibri-id=\"142-c8\" class=\"h-global-transition-all h-heading style-1404 style-local-142-c8 position-relative h-element\">\n                  <!---->\n                  <div class=\"h-heading__outer style-1404 style-local-142-c8\">\n                    <!---->\n                    <!---->\n                    <h2 class=\"\">Torony- \u00e9s Kistemplomi M\u00fazeum l\u00e1togat\u00e1sa<\/h2>\n                  <\/div>\n                <\/div>\n                <div data-colibri-id=\"142-c9\" class=\"h-lead h-text h-text-component style-1405 style-local-142-c9 position-relative h-element\">\n                  <!---->\n                  <!---->\n                  <div class=\"\">\n                    <p>Telefonos el\u0151jegyz\u00e9s sz\u00fcks\u00e9ges:\n                      <br>S\u00e1rosi D\u00e1niel: +36-30\/289-5597<\/p>\n                  <\/div>\n                <\/div>\n              <\/div>\n            <\/div>\n          <\/div>\n          <div class=\"h-column h-column-container d-flex h-col-lg-auto h-col-md-auto h-col-auto style-1409-outer style-local-142-c13-outer\">\n            <div data-colibri-id=\"142-c13\" class=\"d-flex h-flex-basis h-column__inner h-px-lg-2 h-px-md-2 h-px-2 v-inner-lg-2 v-inner-md-2 v-inner-2 style-1409 style-local-142-c13 position-relative\">\n              <!---->\n              <!---->\n              <div class=\"w-100 h-y-container h-column__content h-column__v-align flex-basis-100 align-self-lg-start align-self-md-start align-self-start\">\n                <!---->\n                <div data-colibri-id=\"142-c14\" class=\"h-multiple-image style-1410 style-local-142-c14 position-relative h-element\">\n                  <!---->\n                  <div class=\"position-relative\">\n                    <div class=\"h-multiple-image-inside-container\">\n                      <div class=\"ratio-inner\">\n                        <div data-colibri-id=\"142-c15\" class=\"d-block style-1411 style-local-142-c15 position-relative h-element\">\n                          <!---->\n                          <div class=\"h-image__frame-container-outer\">\n                            <div class=\"h-image__frame-container\">\n                              <!---->\n                              <!---->\n                              <img fetchpriority=\"high\" decoding=\"async\" width=\"451\" height=\"450\" src=\"https:\/\/kistemplom.dedipage.hu\/wp-content\/uploads\/2023\/05\/cropped-kistemplom2.jpg\" class=\"style-1410-images style-local-142-c14-images wp-image-4986 style-1411-image style-local-142-c15-image\" alt=\"\" srcset=\"https:\/\/kistemplom.dedipage.hu\/wp-content\/uploads\/2023\/05\/cropped-kistemplom2.jpg 451w, https:\/\/kistemplom.dedipage.hu\/wp-content\/uploads\/2023\/05\/cropped-kistemplom2-300x300.jpg 300w, https:\/\/kistemplom.dedipage.hu\/wp-content\/uploads\/2023\/05\/cropped-kistemplom2-150x150.jpg 150w\" sizes=\"(max-width: 451px) 100vw, 451px\" \/>\n                              <div class=\"h-image__frame h-hide-lg h-hide-md h-hide-sm style-1411-frameImage style-local-142-c15-frameImage\"><\/div>\n                            <\/div>\n                          <\/div>\n                        <\/div>\n                        <div data-colibri-id=\"142-c16\" class=\"d-block style-1412 style-local-142-c16 position-relative h-element\">\n                          <!---->\n                          <div class=\"h-image__frame-container-outer\">\n                            <div class=\"h-image__frame-container\">\n                              <!---->\n                              <!---->\n                              <img decoding=\"async\" width=\"2048\" height=\"2048\" data-src=\"https:\/\/kistemplom.dedipage.hu\/wp-content\/uploads\/Debrecen-csodai-Karolyi-Peter_09.jpeg\" class=\"style-1410-images style-local-142-c14-images wp-image-2005 style-1412-image style-local-142-c16-image lazyload\" alt=\"\" data-srcset=\"https:\/\/kistemplom.dedipage.hu\/wp-content\/uploads\/\/Debrecen-csodai-Karolyi-Peter_09.jpeg 2048w, https:\/\/kistemplom.dedipage.hu\/wp-content\/uploads\/\/Debrecen-csodai-Karolyi-Peter_09-300x300.jpeg 300w, https:\/\/kistemplom.dedipage.hu\/wp-content\/uploads\/\/Debrecen-csodai-Karolyi-Peter_09-1024x1024.jpeg 1024w, https:\/\/kistemplom.dedipage.hu\/wp-content\/uploads\/\/Debrecen-csodai-Karolyi-Peter_09-150x150.jpeg 150w, https:\/\/kistemplom.dedipage.hu\/wp-content\/uploads\/\/Debrecen-csodai-Karolyi-Peter_09-768x768.jpeg 768w, https:\/\/kistemplom.dedipage.hu\/wp-content\/uploads\/\/Debrecen-csodai-Karolyi-Peter_09-1536x1536.jpeg 1536w\" data-sizes=\"(max-width: 2048px) 100vw, 2048px\" src=\"data:image\/svg+xml;base64,PHN2ZyB3aWR0aD0iMSIgaGVpZ2h0PSIxIiB4bWxucz0iaHR0cDovL3d3dy53My5vcmcvMjAwMC9zdmciPjwvc3ZnPg==\" style=\"--smush-placeholder-width: 2048px; --smush-placeholder-aspect-ratio: 2048\/2048;\" \/>\n                              <div class=\"h-image__frame h-hide-lg h-hide-md h-hide-sm style-1412-frameImage style-local-142-c16-frameImage\"><\/div>\n                            <\/div>\n                          <\/div>\n                        <\/div>\n                        <div data-colibri-id=\"142-c17\" class=\"d-block style-1413 style-local-142-c17 position-relative h-element\">\n                          <!---->\n                          <div class=\"h-image__frame-container-outer\">\n                            <div class=\"h-image__frame-container\">\n                              <!---->\n                              <!---->\n                              <img decoding=\"async\" width=\"445\" height=\"445\" data-src=\"https:\/\/kistemplom.dedipage.hu\/wp-content\/uploads\/2023\/05\/cropped-megujult-a-reformatus-templom-or-800x445-1.jpg\" class=\"style-1410-images style-local-142-c14-images wp-image-4987 style-1413-image style-local-142-c17-image lazyload\" alt=\"\" data-srcset=\"https:\/\/kistemplom.dedipage.hu\/wp-content\/uploads\/2023\/05\/cropped-megujult-a-reformatus-templom-or-800x445-1.jpg 445w, https:\/\/kistemplom.dedipage.hu\/wp-content\/uploads\/2023\/05\/cropped-megujult-a-reformatus-templom-or-800x445-1-300x300.jpg 300w, https:\/\/kistemplom.dedipage.hu\/wp-content\/uploads\/2023\/05\/cropped-megujult-a-reformatus-templom-or-800x445-1-150x150.jpg 150w\" data-sizes=\"(max-width: 445px) 100vw, 445px\" src=\"data:image\/svg+xml;base64,PHN2ZyB3aWR0aD0iMSIgaGVpZ2h0PSIxIiB4bWxucz0iaHR0cDovL3d3dy53My5vcmcvMjAwMC9zdmciPjwvc3ZnPg==\" style=\"--smush-placeholder-width: 445px; --smush-placeholder-aspect-ratio: 445\/445;\" \/>\n                              <div class=\"h-image__frame h-hide-lg h-hide-md h-hide-sm style-1413-frameImage style-local-142-c17-frameImage\"><\/div>\n                            <\/div>\n                          <\/div>\n                        <\/div>\n                      <\/div>\n                    <\/div>\n                  <\/div>\n                <\/div>\n              <\/div>\n            <\/div>\n          <\/div>\n        <\/div>\n      <\/div>\n    <\/div>\n  <\/div>\n<\/div>","protected":false},"excerpt":{"rendered":"<p>Torony- \u00e9s Kistemplomi M\u00fazeum l\u00e1togat\u00e1sa Telefonos el\u0151jegyz\u00e9s sz\u00fcks\u00e9ges: S\u00e1rosi D\u00e1niel: +36-30\/289-5597<\/p>\n","protected":false},"author":1,"featured_media":0,"parent":0,"menu_order":0,"comment_status":"closed","ping_status":"closed","template":"page-templates\/full-width-page.php","meta":{"_eb_attr":"","ngg_post_thumbnail":0,"footnotes":""},"class_list":["post-142","page","type-page","status-publish","hentry"],"rttpg_featured_image_url":null,"rttpg_author":{"display_name":"szilagyijanos","author_link":"https:\/\/kistemplom.dedipage.hu\/index.php\/author\/szilagyijanos\/"},"rttpg_comment":0,"rttpg_category":null,"rttpg_excerpt":"Torony- \u00e9s Kistemplomi M\u00fazeum l\u00e1togat\u00e1sa Telefonos el\u0151jegyz\u00e9s sz\u00fcks\u00e9ges: S\u00e1rosi D\u00e1niel: +36-30\/289-5597","_links":{"self":[{"href":"https:\/\/kistemplom.dedipage.hu\/index.php\/wp-json\/wp\/v2\/pages\/142","targetHints":{"allow":["GET"]}}],"collection":[{"href":"https:\/\/kistemplom.dedipage.hu\/index.php\/wp-json\/wp\/v2\/pages"}],"about":[{"href":"https:\/\/kistemplom.dedipage.hu\/index.php\/wp-json\/wp\/v2\/types\/page"}],"author":[{"embeddable":true,"href":"https:\/\/kistemplom.dedipage.hu\/index.php\/wp-json\/wp\/v2\/users\/1"}],"replies":[{"embeddable":true,"href":"https:\/\/kistemplom.dedipage.hu\/index.php\/wp-json\/wp\/v2\/comments?post=142"}],"version-history":[{"count":1,"href":"https:\/\/kistemplom.dedipage.hu\/index.php\/wp-json\/wp\/v2\/pages\/142\/revisions"}],"predecessor-version":[{"id":4989,"href":"https:\/\/kistemplom.dedipage.hu\/index.php\/wp-json\/wp\/v2\/pages\/142\/revisions\/4989"}],"wp:attachment":[{"href":"https:\/\/kistemplom.dedipage.hu\/index.php\/wp-json\/wp\/v2\/media?parent=142"}],"curies":[{"name":"wp","href":"https:\/\/api.w.org\/{rel}","templated":true}]}}