{"id":144,"date":"2023-05-30T12:58:54","date_gmt":"2023-05-30T10:58:54","guid":{"rendered":"http:\/\/localhost\/kistemplom3\/?page_id=144"},"modified":"2026-03-29T22:30:24","modified_gmt":"2026-03-29T20:30:24","slug":"rendezvenyek","status":"publish","type":"page","link":"https:\/\/kistemplom.dedipage.hu\/index.php\/rendezvenyek\/","title":{"rendered":"Rendezv\u00e9nyek"},"content":{"rendered":"<div data-colibri-id=\"144-c1\" class=\"style-605 style-local-144-c1 position-relative\">\n  <!---->\n  <div data-colibri-component=\"section\" data-colibri-id=\"144-c2\" id=\"custom\" class=\"h-section h-section-global-spacing d-flex align-items-lg-center align-items-md-center align-items-center style-1449 style-local-144-c2 position-relative\">\n    <!---->\n    <!---->\n    <div class=\"h-section-grid-container h-section-boxed-container\">\n      <!---->\n      <div data-colibri-id=\"144-c3\" class=\"h-row-container gutters-row-lg-2 gutters-row-md-2 gutters-row-0 gutters-row-v-lg-2 gutters-row-v-md-2 gutters-row-v-2 style-1455 style-local-144-c3 position-relative\">\n        <!---->\n        <div class=\"h-row justify-content-lg-center justify-content-md-center justify-content-center align-items-lg-stretch align-items-md-stretch align-items-stretch gutters-col-lg-2 gutters-col-md-2 gutters-col-0 gutters-col-v-lg-2 gutters-col-v-md-2 gutters-col-v-2\">\n          <!---->\n          <div class=\"h-column h-column-container d-flex h-col-lg-auto h-col-md-auto h-col-auto style-1456-outer style-local-144-c4-outer\">\n            <div data-colibri-id=\"144-c4\" class=\"d-flex h-flex-basis h-column__inner h-px-lg-2 h-px-md-2 h-px-2 v-inner-lg-2 v-inner-md-2 v-inner-2 style-1456 style-local-144-c4 position-relative\">\n              <!---->\n              <!---->\n              <div class=\"w-100 h-y-container h-column__content h-column__v-align flex-basis-auto align-self-lg-start align-self-md-start align-self-start\">\n                <!---->\n                <div data-colibri-component=\"widget-area\" data-colibri-id=\"144-c5\" class=\"h-widget-area style-1457 style-local-144-c5 position-relative h-element\">\n                  <!---->\n                  <div class=\"widget-shortcode h-global-transition-all\"><div id=\"widget_tpg_post_grid-4\" class=\"widget widget_tpg_post_grid\"><style type='text\/css' media='all'>#rt-tpg-container-1434913825 .rt-holder .rt-woo-info .price{color:#0367bf;}body .rt-tpg-container .rt-tpg-isotope-buttons .selected,\n\t\t\t\t\t#rt-tpg-container-1434913825 .layout12 .rt-holder:hover .rt-detail,\n\t\t\t\t\t#rt-tpg-container-1434913825 .isotope8 .rt-holder:hover .rt-detail,\n\t\t\t\t\t#rt-tpg-container-1434913825 .carousel8 .rt-holder:hover .rt-detail,\n\t\t\t\t\t#rt-tpg-container-1434913825 .layout13 .rt-holder .overlay .post-info,\n\t\t\t\t\t#rt-tpg-container-1434913825 .isotope9 .rt-holder .overlay .post-info,\n\t\t\t\t\t#rt-tpg-container-1434913825.rt-tpg-container .layout4 .rt-holder .rt-detail,\n\t\t\t\t\t.rt-modal-1434913825 .md-content,\n\t\t\t\t\t.rt-modal-1434913825 .md-content > .rt-md-content-holder .rt-md-content,\n\t\t\t\t\t.rt-popup-wrap-1434913825.rt-popup-wrap .rt-popup-navigation-wrap,\n\t\t\t\t\t#rt-tpg-container-1434913825 .carousel9 .rt-holder .overlay .post-info{background-color:#0367bf;}#rt-tpg-container-1434913825 .layout5 .rt-holder .overlay, #rt-tpg-container-1434913825 .isotope2 .rt-holder .overlay, #rt-tpg-container-1434913825 .carousel2 .rt-holder .overlay,#rt-tpg-container-1434913825 .layout15 .rt-holder h3, #rt-tpg-container-1434913825 .isotope11 .rt-holder h3, #rt-tpg-container-1434913825 .carousel11 .rt-holder h3, #rt-tpg-container-1434913825 .layout16 .rt-holder h3,\n\t\t\t\t\t#rt-tpg-container-1434913825 .isotope12 .rt-holder h3, #rt-tpg-container-1434913825 .carousel12 .rt-holder h3 {background-color:rgba(3,103,191,0.8);}#rt-tpg-container-1434913825 .read-more a{border-radius:px;}#rt-tpg-container-1434913825 .rt-img-holder img.rt-img-responsive,#rt-tpg-container-1434913825 .rt-img-holder,\n\t\t\t\t\t#rt-tpg-container-1434913825 .rt-post-overlay .post-img,\n\t\t\t\t\t#rt-tpg-container-1434913825 .post-sm .post-img,\n\t\t\t\t\t#rt-tpg-container-1434913825 .rt-post-grid .post-img,\n\t\t\t\t\t#rt-tpg-container-1434913825 .post-img img {border-radius:px;}<\/style><div class='rt-container-fluid rt-tpg-container tpg-shortcode-main-wrapper ' id='rt-tpg-container-1434913825'   data-layout='layout1' data-grid-style='even' data-desktop-col='2'  data-tab-col='2'  data-mobile-col='1' data-sc-id='5157'><div data-title='Loading ...' class='rt-row rt-content-loader   layout1 tpg-even '><div class=\"rt-col-md-6 rt-col-sm-6 rt-col-xs-12 even-grid-item rt-grid-item\" data-id=\"4717\"><div class=\"rt-holder\"><div class='rt-detail'><h3 class=\"entry-title\"><a data-id=\"4717\" class=\"\" href=\"https:\/\/kistemplom.dedipage.hu\/index.php\/2026\/03\/24\/husveti-unnepi-alkalmak\/\">H\u00fasv\u00e9ti \u00fcnnepi alkalmak<\/a><\/h3><div class='tpg-excerpt'><p><img fetchpriority=\"high\" decoding=\"async\" width=\"1414\" height=\"2000\" src=\"https:\/\/kistemplom.dedipage.hu\/wp-content\/uploads\/Husveti-alkalmak-2026.jpg\" alt=\"\" \/>\t\t\t\t\t\t\t\t\t\t\t\t\t\t\t<\/p>\n<h4>\u00c1prilis 2. Nagycs\u00fct\u00f6rt\u00f6k<\/h4>\n<p>10.00 \u00f3ra: \u00darvacsor\u00e1s istentisztelet a Gy\u00fclekezeti teremben<\/p>\n<p>18.00 \u00f3ra: Nagyheti \u00e1h\u00edtat a Bibliak\u00f6r\u00f6s teremben<\/p>\n<h4>\u00c1prilis 3. Nagyp\u00e9ntek<\/h4>\n<p>10.00 \u00f3ra: Nagyp\u00e9nteki istentisztelet a templomban<\/p>\n<p>18.00 \u00f3ra: Passi\u00f3s istentisztelet a templomban<\/p>\n<h4>\u00c1prilis 4. Nagyszombat<\/h4>\n<p>10.00: nagyszombati istentisztelet a templomban<\/p>\n<p>18.00 nagyszombati \u00e1h\u00edtat a Bibliak\u00f6r\u00f6s temeremben<\/p>\n<h4>\u00c1prilis 5. H\u00fasv\u00e9tvas\u00e1rnap<\/h4>\n<p>5.45: H\u00fasv\u00e9t hajnali istentisztelet a templomban<\/p>\n<p>10.00: \u00darvacsor\u00e1s istentisztelet a templomban<\/p>\n<h4>\u00c1prilis 6. H\u00fasv\u00e9th\u00e9tf\u0151<\/h4>\n<p>10.00: \u00darvacsor\u00e1s istentisztelet a templomban<\/p>\n<h5>Szeretettel v\u00e1runk mindenkit \u00fcnnepi alkalmainkra!<\/h5>\n<\/div><\/div><\/div><\/div><div class=\"rt-col-md-6 rt-col-sm-6 rt-col-xs-12 even-grid-item rt-grid-item\" data-id=\"4670\"><div class=\"rt-holder\"><div class='rt-detail'><h3 class=\"entry-title\"><a data-id=\"4670\" class=\"\" href=\"https:\/\/kistemplom.dedipage.hu\/index.php\/2026\/03\/24\/nagybojti-alkalmak\/\">Nagyb\u00f6jti alkalmak<\/a><\/h3><div class='tpg-excerpt'><p><img decoding=\"async\" width=\"1414\" height=\"2000\" data-src=\"https:\/\/kistemplom.dedipage.hu\/wp-content\/uploads\/Bojti-alkalmak-2026.jpg\" alt=\"\" src=\"data:image\/svg+xml;base64,PHN2ZyB3aWR0aD0iMSIgaGVpZ2h0PSIxIiB4bWxucz0iaHR0cDovL3d3dy53My5vcmcvMjAwMC9zdmciPjwvc3ZnPg==\" class=\"lazyload\" style=\"--smush-placeholder-width: 1414px; --smush-placeholder-aspect-ratio: 1414\/2000;\" \/>\t\t\t\t\t\t\t\t\t\t\t\t\t\t\t<\/p>\n<h4>M\u00e1rcius 15. B\u00f6jt 4. vas\u00e1rnapja<\/h4>\n<p>10.00: B\u00f6jti istentisztelet a Gy\u00fclekezeti teremben<br \/>18.00: B\u00f6jti \u00e1h\u00edtat a Bibliak\u00f6r\u00f6s teremben<\/p>\n<h4>M\u00e1rcius 22. B\u00f6jt 5. vas\u00e1rnapja<\/h4>\n<p>10.00 B\u00f6jti istentisztelet a Gy\u00fclekezeti teremben<br \/>18.00: B\u00f6jti \u00e1h\u00edtat a Bibliak\u00f6r\u00f6s teremben<\/p>\n<h4>M\u00e1rcius 27.<\/h4>\n<p>17.00: Vesper\u00e1s - esti \u00e9nekes im\u00e1ds\u00e1g a templomban<\/p>\n<h4>M\u00e1rcius 29. Vir\u00e1gvas\u00e1rnap<\/h4>\n<p>10.00: Vir\u00e1gvas\u00e1rnapi istentisztelet a templomban<br \/>A Kistemplom 300 \u00fcnneps\u00e9gsorozat megnyit\u00f3 alkalma<br \/>18.00 b\u00f6jti \u00e1h\u00edtat a Bibliak\u00f6r\u00f6s teremben<\/p>\n<h4>M\u00e1rcius 30 - \u00c1prilis 1.<\/h4>\n<p>18.00: Nagyheti \u00e1h\u00edtat a Bibliak\u00f6r\u00f6s teremben<\/p>\n<h5>SZERETETTEL V\u00c1RUNK MINDENKIT \u00dcNNEPI ALKALMAINKRA!<\/h5>\n<\/div><\/div><\/div><\/div><div class=\"rt-col-md-6 rt-col-sm-6 rt-col-xs-12 even-grid-item rt-grid-item\" data-id=\"4860\"><div class=\"rt-holder\"><div class='rt-detail'><h3 class=\"entry-title\"><a data-id=\"4860\" class=\"\" href=\"https:\/\/kistemplom.dedipage.hu\/index.php\/2026\/03\/18\/kistemplom-300-jubileumi-koncertsorozat\/\">Kistemplom 300 &#8211; Jubileumi koncertsorozat<\/a><\/h3><div class='tpg-excerpt'><p><img decoding=\"async\" width=\"723\" height=\"1024\" data-src=\"https:\/\/kistemplom.dedipage.hu\/wp-content\/uploads\/KT-300_Tabajdi_javitott-723x1024.jpg\" alt=\"\" src=\"data:image\/svg+xml;base64,PHN2ZyB3aWR0aD0iMSIgaGVpZ2h0PSIxIiB4bWxucz0iaHR0cDovL3d3dy53My5vcmcvMjAwMC9zdmciPjwvc3ZnPg==\" class=\"lazyload\" style=\"--smush-placeholder-width: 723px; --smush-placeholder-aspect-ratio: 723\/1024;\" \/>\t\t\t\t\t\t\t\t\t\t\t\t\t\t\t<\/p>\n<h2>Kistemplom 300 Jubileumi koncertsorozat<\/h2>\n<h5>2026. m\u00e1rcius 29. vas\u00e1rnap 17.00<\/h5>\n<h3>A felt\u00e1mad\u00e1s \u00fatja G\u00e1rdonyi Zolt\u00e1n orgonazen\u00e9j\u00e9ben<\/h3>\n<p><strong>Tabajdi \u00c1d\u00e1m<\/strong><br \/>junior Pr\u00edma-d\u00edjas orgonam\u0171v\u00e9sz koncertje<br \/>Dr. Karasszon Dezs\u0151 ismertet\u0151j\u00e9vel<\/p>\n<p><strong>M\u0171sor:<\/strong><\/p>\n<p>J.S.Bach: c-moll fant\u00e1zia BWV 562<br \/>J.S.Bach: Erbarme dich mein, O Herre Gott BWV 721<br \/>G\u00e1rdonyi Zolt\u00e1n: Fant\u00e1zia a \"Victimae Paschali Laudes\" dallama felett<br \/>G\u00e1rdonyi Zolt\u00e1n: Partita a \"Jesu der du meine Seeele\" dallama felett<br \/>G\u00e1rdonyi Zolt\u00e1n: H\u00fasv\u00e9ti fant\u00e1zia<\/p>\n<p>A bel\u00e9p\u00e9s d\u00edjtalan<\/p>\n<p><strong>Szeretettel v\u00e1rjuk a Kistemplom 300 rendezv\u00e9nyeire!<\/strong><\/p>\n<\/div><\/div><\/div><\/div><div class=\"rt-col-md-6 rt-col-sm-6 rt-col-xs-12 even-grid-item rt-grid-item\" data-id=\"4854\"><div class=\"rt-holder\"><div class='rt-detail'><h3 class=\"entry-title\"><a data-id=\"4854\" class=\"\" href=\"https:\/\/kistemplom.dedipage.hu\/index.php\/2026\/03\/18\/bach-mindenkinek-fesztival\/\">Bach Mindenkinek Fesztiv\u00e1l<\/a><\/h3><div class='tpg-excerpt'><p><img decoding=\"async\" width=\"724\" height=\"1024\" data-src=\"https:\/\/kistemplom.dedipage.hu\/wp-content\/uploads\/Viragvasarnap_orig-724x1024.jpg\" alt=\"\" src=\"data:image\/svg+xml;base64,PHN2ZyB3aWR0aD0iMSIgaGVpZ2h0PSIxIiB4bWxucz0iaHR0cDovL3d3dy53My5vcmcvMjAwMC9zdmciPjwvc3ZnPg==\" class=\"lazyload\" style=\"--smush-placeholder-width: 724px; --smush-placeholder-aspect-ratio: 724\/1024;\" \/>\t\t\t\t\t\t\t\t\t\t\t\t\t\t\t<\/p>\n<h4><strong>Vir\u00e1gvas\u00e1rnapi \u00fcnnepi istentisztelet J.S. Bach zen\u00e9j\u00e9vel<\/strong><\/h4>\n<p>ig\u00e9t hirdet: Ft. Dr. Fekete K\u00e1roly, a Tisz\u00e1nt\u00fali Reform\u00e1tus Egyh\u00e1zker\u00fclet p\u00fcsp\u00f6ke<\/p>\n<p>K\u00f6zrem\u0171k\u00f6dik: Lituus R\u00e9zf\u00fav\u00f3s Egy\u00fcttes,\u00a0<br \/>Kov\u00e1cs Zal\u00e1n L\u00e1szl\u00f3 (tuba),<br \/>S\u00e1rosi D\u00e1niel (orgona)<\/p>\n<p><strong>A bel\u00e9p\u00e9s ingyenes!<\/strong><\/p>\n<p>A fesztiv\u00e1l ideje alatt adom\u00e1nygy\u0171jt\u00e9sre lehet\u0151s\u00e9get biztos\u00edtunk a Pet\u0151 Int\u00e9zet Kondukt\u00edv Iskol\u00e1\u00e9rt K\u00f6zhaszn\u00fa Alap\u00edtv\u00e1ny jav\u00e1ra.<\/p>\n<\/div><\/div><\/div><\/div><div class=\"rt-col-md-6 rt-col-sm-6 rt-col-xs-12 even-grid-item rt-grid-item\" data-id=\"4821\"><div class=\"rt-holder\"><div class='rt-detail'><h3 class=\"entry-title\"><a data-id=\"4821\" class=\"\" href=\"https:\/\/kistemplom.dedipage.hu\/index.php\/2026\/03\/18\/nagybojti-esti-enekes-imadsag-a-kistemplomban\/\">Nagyb\u00f6jti esti \u00e9nekes im\u00e1ds\u00e1g a Kistemplomban<\/a><\/h3><div class='tpg-excerpt'><p><img decoding=\"async\" width=\"724\" height=\"1024\" data-src=\"https:\/\/kistemplom.dedipage.hu\/wp-content\/uploads\/Vesperas_orig-724x1024.jpg\" alt=\"\" src=\"data:image\/svg+xml;base64,PHN2ZyB3aWR0aD0iMSIgaGVpZ2h0PSIxIiB4bWxucz0iaHR0cDovL3d3dy53My5vcmcvMjAwMC9zdmciPjwvc3ZnPg==\" class=\"lazyload\" style=\"--smush-placeholder-width: 724px; --smush-placeholder-aspect-ratio: 724\/1024;\" \/>\t\t\t\t\t\t\t\t\t\t\t\t\t\t\t<\/p>\n<h3>M\u00e1rcius 27. p\u00e9ntek<\/h3>\n<p>16.30 Felk\u00e9sz\u00fcl\u00e9s a Vesper\u00e1sra<br \/>Karasszon Dezs\u0151 vezet\u00e9s\u00e9vel (Kistemplom)<\/p>\n<p><strong>17.00 Vesper\u00e1s<\/strong>, esti \u00e9nekes im\u00e1ds\u00e1g a templomban Ft. Dr. Fekete K\u00e1roly p\u00fcsp\u00f6k igei szolg\u00e1lat\u00e1val<\/p>\n<p><strong>18.00 A Nagyh\u00e9t saj\u00e1t \u00e9nekei \u00e9s liturgi\u00e1ja - k\u00f6z\u00e9pkori hagyom\u00e1ny \u00e9s mai gyakorlat<\/strong> <br \/>Karasszon Dezs\u0151 el\u0151ad\u00e1sa a Gy\u00fclekezeti teremben<\/p>\n<p><strong>Szeretettel v\u00e1rjuk az elcsendesedni v\u00e1gy\u00f3 \u00e9rdekl\u0151d\u0151ket a Kistemplomba!<\/strong><\/p>\n<\/div><\/div><\/div><\/div><\/div><\/div><\/div><\/div>\n                <\/div>\n              <\/div>\n            <\/div>\n          <\/div>\n        <\/div>\n      <\/div>\n      <div data-colibri-id=\"144-c6\" class=\"h-row-container gutters-row-lg-2 gutters-row-md-2 gutters-row-0 gutters-row-v-lg-2 gutters-row-v-md-2 gutters-row-v-2 style-1450 style-local-144-c6 position-relative\">\n        <!---->\n        <div class=\"h-row justify-content-lg-center justify-content-md-center justify-content-center align-items-lg-stretch align-items-md-stretch align-items-stretch gutters-col-lg-2 gutters-col-md-2 gutters-col-0 gutters-col-v-lg-2 gutters-col-v-md-2 gutters-col-v-2\">\n          <!---->\n          <div class=\"h-column h-column-container d-flex h-col-lg-auto h-col-md-auto h-col-auto style-1451-outer style-local-144-c7-outer\">\n            <div data-colibri-id=\"144-c7\" class=\"d-flex h-flex-basis h-column__inner h-px-lg-2 h-px-md-2 h-px-2 v-inner-lg-2 v-inner-md-2 v-inner-2 style-1451 style-local-144-c7 position-relative\">\n              <!---->\n              <!---->\n              <div class=\"w-100 h-y-container h-column__content h-column__v-align flex-basis-100 align-self-lg-start align-self-md-start align-self-start\">\n                <!---->\n                <div data-colibri-id=\"144-c8\" class=\"h-row-container gutters-row-lg-2 gutters-row-md-2 gutters-row-0 gutters-row-v-lg-2 gutters-row-v-md-2 gutters-row-v-2 style-1452 style-local-144-c8 position-relative\">\n                  <!---->\n                  <div class=\"h-row justify-content-lg-center justify-content-md-center justify-content-center align-items-lg-stretch align-items-md-stretch align-items-stretch gutters-col-lg-2 gutters-col-md-2 gutters-col-0 gutters-col-v-lg-2 gutters-col-v-md-2 gutters-col-v-2\">\n                    <!---->\n                    <div class=\"h-column h-column-container d-flex h-col-lg-auto h-col-md-auto h-col-auto style-1453-outer style-local-144-c9-outer\">\n                      <div data-colibri-id=\"144-c9\" class=\"d-flex h-flex-basis h-column__inner h-ui-empty-state-container h-px-lg-2 h-px-md-2 h-px-2 v-inner-lg-2 v-inner-md-2 v-inner-2 style-1453 style-local-144-c9 position-relative\">\n                        <!---->\n                        <!---->\n                        <div class=\"w-100 h-y-container h-column__content h-column__v-align flex-basis-100\">\n                          <!---->\n                        <\/div>\n                      <\/div>\n                    <\/div>\n                    <div class=\"h-column h-column-container d-flex h-col-lg-auto h-col-md-auto h-col-auto style-1454-outer style-local-144-c10-outer\">\n                      <div data-colibri-id=\"144-c10\" class=\"d-flex h-flex-basis h-column__inner h-ui-empty-state-container h-px-lg-2 h-px-md-2 h-px-2 v-inner-lg-2 v-inner-md-2 v-inner-2 style-1454 style-local-144-c10 position-relative\">\n                        <!---->\n                        <!---->\n                        <div class=\"w-100 h-y-container h-column__content h-column__v-align flex-basis-100\">\n                          <!---->\n                        <\/div>\n                      <\/div>\n                    <\/div>\n                  <\/div>\n                <\/div><\/div>\n            <\/div>\n          <\/div>\n        <\/div>\n      <\/div>\n    <\/div>\n  <\/div>\n<\/div>","protected":false},"excerpt":{"rendered":"","protected":false},"author":1,"featured_media":0,"parent":0,"menu_order":0,"comment_status":"closed","ping_status":"closed","template":"page-templates\/full-width-page.php","meta":{"_eb_attr":"","ngg_post_thumbnail":0,"footnotes":""},"class_list":["post-144","page","type-page","status-publish","hentry"],"rttpg_featured_image_url":null,"rttpg_author":{"display_name":"szilagyijanos","author_link":"https:\/\/kistemplom.dedipage.hu\/index.php\/author\/szilagyijanos\/"},"rttpg_comment":0,"rttpg_category":"","rttpg_excerpt":null,"_links":{"self":[{"href":"https:\/\/kistemplom.dedipage.hu\/index.php\/wp-json\/wp\/v2\/pages\/144","targetHints":{"allow":["GET"]}}],"collection":[{"href":"https:\/\/kistemplom.dedipage.hu\/index.php\/wp-json\/wp\/v2\/pages"}],"about":[{"href":"https:\/\/kistemplom.dedipage.hu\/index.php\/wp-json\/wp\/v2\/types\/page"}],"author":[{"embeddable":true,"href":"https:\/\/kistemplom.dedipage.hu\/index.php\/wp-json\/wp\/v2\/users\/1"}],"replies":[{"embeddable":true,"href":"https:\/\/kistemplom.dedipage.hu\/index.php\/wp-json\/wp\/v2\/comments?post=144"}],"version-history":[{"count":12,"href":"https:\/\/kistemplom.dedipage.hu\/index.php\/wp-json\/wp\/v2\/pages\/144\/revisions"}],"predecessor-version":[{"id":5181,"href":"https:\/\/kistemplom.dedipage.hu\/index.php\/wp-json\/wp\/v2\/pages\/144\/revisions\/5181"}],"wp:attachment":[{"href":"https:\/\/kistemplom.dedipage.hu\/index.php\/wp-json\/wp\/v2\/media?parent=144"}],"curies":[{"name":"wp","href":"https:\/\/api.w.org\/{rel}","templated":true}]}}