{"id":4912,"date":"2026-03-24T11:36:45","date_gmt":"2026-03-24T10:36:45","guid":{"rendered":"https:\/\/kistemplom.dedipage.hu\/?page_id=4912"},"modified":"2026-03-25T14:33:47","modified_gmt":"2026-03-25T13:33:47","slug":"esemenynaptar","status":"publish","type":"page","link":"https:\/\/kistemplom.dedipage.hu\/index.php\/esemenynaptar\/","title":{"rendered":"Esem\u00e9nynapt\u00e1r"},"content":{"rendered":"<div data-colibri-id=\"4912-c1\" class=\"style-1389 style-local-4912-c1 position-relative\">\n  <!---->\n  <div data-colibri-component=\"section\" data-colibri-id=\"4912-c2\" id=\"custom\" class=\"h-section h-section-global-spacing d-flex align-items-lg-center align-items-md-center align-items-center style-1390 style-local-4912-c2 position-relative\">\n    <!---->\n    <!---->\n    <div class=\"h-section-grid-container h-section-boxed-container\">\n      <!---->\n      <div data-colibri-id=\"4912-c3\" class=\"h-row-container gutters-row-lg-2 gutters-row-md-2 gutters-row-0 gutters-row-v-lg-2 gutters-row-v-md-2 gutters-row-v-2 style-1393 style-local-4912-c3 position-relative\">\n        <!---->\n        <div class=\"h-row justify-content-lg-center justify-content-md-center justify-content-center align-items-lg-stretch align-items-md-stretch align-items-stretch gutters-col-lg-2 gutters-col-md-2 gutters-col-0 gutters-col-v-lg-2 gutters-col-v-md-2 gutters-col-v-2\">\n          <!---->\n          <div class=\"h-column h-column-container d-flex h-col-lg-auto h-col-md-auto h-col-auto style-1394-outer style-local-4912-c4-outer\">\n            <div data-colibri-id=\"4912-c4\" class=\"d-flex h-flex-basis h-column__inner h-px-lg-2 h-px-md-2 h-px-2 v-inner-lg-2 v-inner-md-2 v-inner-2 style-1394 style-local-4912-c4 position-relative\">\n              <!---->\n              <!---->\n              <div class=\"w-100 h-y-container h-column__content h-column__v-align flex-basis-100 align-self-lg-start align-self-md-start align-self-start\">\n                <!---->\n                <div data-colibri-id=\"4912-c5\" class=\"h-text h-text-component style-1395 style-local-4912-c5 position-relative h-element\">\n                  <!---->\n                  <!---->\n                  <div class=\"\">\n                    <p>\n                      <br>\n                    <\/p>\n                    <h4>M\u00e1rcius 15. B\u00f6jt 4. vas\u00e1rnapja<\/h4>\n                    <p>10.00: B\u00f6jti istentisztelet a Gy\u00fclekezeti teremben\n                      <br>18.00: B\u00f6jti \u00e1h\u00edtat a Bibliak\u00f6r\u00f6s teremben<\/p>\n                    <h4>M\u00e1rcius 22. B\u00f6jt 5. vas\u00e1rnapja<\/h4>\n                    <p>10.00 B\u00f6jti istentisztelet a Gy\u00fclekezeti teremben\n                      <br>18.00: B\u00f6jti \u00e1h\u00edtat a Bibliak\u00f6r\u00f6s teremben<\/p>\n                    <h4>M\u00e1rcius 27.<\/h4>\n                    <p>16.30: Felk\u00e9sz\u00fcl\u00e9s a Vesper\u00e1sra, Karasszon Dezs\u0151 vezet\u00e9s\u00e9vel (Kistemplom)\n                      <br>17.00: Vesper\u00e1s \u2013 esti \u00e9nekes im\u00e1ds\u00e1g a templomban\n                      <br>18.00: A Nagyh\u00e9t saj\u00e1t \u00e9nekei \u00e9s liturgi\u00e1ja &#8211; k\u00f6z\u00e9pkori hagyom\u00e1ny \u00e9s mai gyakorlat. Karasszon Dezs\u0151 el\u0151ad\u00e1sa a Gy\u00fclekezeti teremben<\/p>\n                    <h4>M\u00e1rcius 29. Vir\u00e1gvas\u00e1rnap<\/h4>\n                    <p>10.00: Vir\u00e1gvas\u00e1rnapi istentisztelet a templomban. A Kistemplom 300 \u00fcnneps\u00e9gsorozat megnyit\u00f3 alkalma\n                      <br>17.00: A felt\u00e1mad\u00e1s \u00faja G\u00e1rdonyi Zolt\u00e1n orgonazen\u00e9j\u00e9ben\n                      <br>18.00 b\u00f6jti \u00e1h\u00edtat a Bibliak\u00f6r\u00f6s teremben<\/p>\n                    <h4>M\u00e1rcius 30 \u2013 \u00c1prilis 1.<\/h4>\n                    <p>18.00: Nagyheti \u00e1h\u00edtat a Bibliak\u00f6r\u00f6s teremben<\/p>\n                    <h4>\u00c1prilis 2. Nagycs\u00fct\u00f6rt\u00f6k<\/h4>\n                    <p>10.00 \u00f3ra: \u00darvacsor\u00e1s istentisztelet a Gy\u00fclekezeti teremben\n                      <br>18.00 \u00f3ra: Nagyheti \u00e1h\u00edtat a Bibliak\u00f6r\u00f6s teremben<\/p>\n                    <h4>\u00c1prilis 3. Nagyp\u00e9ntek<\/h4>\n                    <p>10.00 \u00f3ra: Nagyp\u00e9nteki istentisztelet a templomban\n                      <br>18.00 \u00f3ra: Passi\u00f3s istentisztelet a templomban<\/p>\n                    <h4>\u00c1prilis 4. Nagyszombat<\/h4>\n                    <p>10.00: nagyszombati istentisztelet a templomban\n                      <br>18.00 nagyszombati \u00e1h\u00edtat a Bibliak\u00f6r\u00f6s teremben<\/p>\n                    <h4>\u00c1prilis 5. H\u00fasv\u00e9tvas\u00e1rnap<\/h4>\n                    <p>5.45: H\u00fasv\u00e9t hajnali istentisztelet a templomban\n                      <br>10.00: \u00darvacsor\u00e1s istentisztelet a templomban<\/p>\n                    <h4>\u00c1prilis 6. H\u00fasv\u00e9th\u00e9tf\u0151<\/h4>\n                    <p>10.00: \u00darvacsor\u00e1s istentisztelet a templomban<\/p>\n                    <ul>\n                      <li class=\"ql-indent-1\">\n                        <br>\n                      <\/li>\n                    <\/ul>\n                    <p>\n                      <br>\n                    <\/p>\n                  <\/div>\n                <\/div>\n              <\/div>\n            <\/div>\n          <\/div>\n        <\/div>\n      <\/div>\n      <div data-colibri-id=\"4912-c6\" class=\"h-row-container gutters-row-lg-2 gutters-row-md-2 gutters-row-0 gutters-row-v-lg-2 gutters-row-v-md-2 gutters-row-v-2 style-1391 style-local-4912-c6 position-relative\">\n        <!---->\n        <div class=\"h-row justify-content-lg-center justify-content-md-center justify-content-center align-items-lg-stretch align-items-md-stretch align-items-stretch gutters-col-lg-2 gutters-col-md-2 gutters-col-0 gutters-col-v-lg-2 gutters-col-v-md-2 gutters-col-v-2\">\n          <!---->\n          <div class=\"h-column h-column-container d-flex h-col-lg-auto h-col-md-auto h-col-auto style-1392-outer style-local-4912-c7-outer\">\n            <div data-colibri-id=\"4912-c7\" class=\"d-flex h-flex-basis h-column__inner h-ui-empty-state-container h-px-lg-2 h-px-md-2 h-px-2 v-inner-lg-2 v-inner-md-2 v-inner-2 style-1392 style-local-4912-c7 position-relative\">\n              <!---->\n              <!---->\n              <div class=\"w-100 h-y-container h-column__content h-column__v-align flex-basis-100\">\n                <!---->\n              <\/div>\n            <\/div>\n          <\/div>\n        <\/div>\n      <\/div>\n    <\/div>\n  <\/div>\n<\/div>","protected":false},"excerpt":{"rendered":"<p>M\u00e1rcius 15. B\u00f6jt 4. vas\u00e1rnapja 10.00: B\u00f6jti istentisztelet a Gy\u00fclekezeti teremben 18.00: B\u00f6jti \u00e1h\u00edtat a Bibliak\u00f6r\u00f6s teremben M\u00e1rcius 22. B\u00f6jt 5. vas\u00e1rnapja 10.00 B\u00f6jti istentisztelet a Gy\u00fclekezeti teremben 18.00: B\u00f6jti \u00e1h\u00edtat a Bibliak\u00f6r\u00f6s teremben M\u00e1rcius 27. 16.30: Felk\u00e9sz\u00fcl\u00e9s a Vesper\u00e1sra, Karasszon Dezs\u0151 vezet\u00e9s\u00e9vel (Kistemplom) 17.00: Vesper\u00e1s \u2013 esti \u00e9nekes im\u00e1ds\u00e1g a templomban 18.00: A Nagyh\u00e9t [&hellip;]<\/p>\n","protected":false},"author":1,"featured_media":0,"parent":0,"menu_order":0,"comment_status":"closed","ping_status":"closed","template":"page-templates\/full-width-page.php","meta":{"_eb_attr":"","ngg_post_thumbnail":0,"footnotes":""},"class_list":["post-4912","page","type-page","status-publish","hentry"],"rttpg_featured_image_url":null,"rttpg_author":{"display_name":"szilagyijanos","author_link":"https:\/\/kistemplom.dedipage.hu\/index.php\/author\/szilagyijanos\/"},"rttpg_comment":0,"rttpg_category":null,"rttpg_excerpt":"M\u00e1rcius 15. B\u00f6jt 4. vas\u00e1rnapja 10.00: B\u00f6jti istentisztelet a Gy\u00fclekezeti teremben 18.00: B\u00f6jti \u00e1h\u00edtat a Bibliak\u00f6r\u00f6s teremben M\u00e1rcius 22. B\u00f6jt 5. vas\u00e1rnapja 10.00 B\u00f6jti istentisztelet a Gy\u00fclekezeti teremben 18.00: B\u00f6jti \u00e1h\u00edtat a Bibliak\u00f6r\u00f6s teremben M\u00e1rcius 27. 16.30: Felk\u00e9sz\u00fcl\u00e9s a Vesper\u00e1sra, Karasszon Dezs\u0151 vezet\u00e9s\u00e9vel (Kistemplom) 17.00: Vesper\u00e1s \u2013 esti \u00e9nekes im\u00e1ds\u00e1g a templomban 18.00: A Nagyh\u00e9t&hellip;","_links":{"self":[{"href":"https:\/\/kistemplom.dedipage.hu\/index.php\/wp-json\/wp\/v2\/pages\/4912","targetHints":{"allow":["GET"]}}],"collection":[{"href":"https:\/\/kistemplom.dedipage.hu\/index.php\/wp-json\/wp\/v2\/pages"}],"about":[{"href":"https:\/\/kistemplom.dedipage.hu\/index.php\/wp-json\/wp\/v2\/types\/page"}],"author":[{"embeddable":true,"href":"https:\/\/kistemplom.dedipage.hu\/index.php\/wp-json\/wp\/v2\/users\/1"}],"replies":[{"embeddable":true,"href":"https:\/\/kistemplom.dedipage.hu\/index.php\/wp-json\/wp\/v2\/comments?post=4912"}],"version-history":[{"count":6,"href":"https:\/\/kistemplom.dedipage.hu\/index.php\/wp-json\/wp\/v2\/pages\/4912\/revisions"}],"predecessor-version":[{"id":5109,"href":"https:\/\/kistemplom.dedipage.hu\/index.php\/wp-json\/wp\/v2\/pages\/4912\/revisions\/5109"}],"wp:attachment":[{"href":"https:\/\/kistemplom.dedipage.hu\/index.php\/wp-json\/wp\/v2\/media?parent=4912"}],"curies":[{"name":"wp","href":"https:\/\/api.w.org\/{rel}","templated":true}]}}