{"id":545,"date":"2023-07-04T22:12:44","date_gmt":"2023-07-04T20:12:44","guid":{"rendered":"https:\/\/kistemplom.dedipage.hu\/?page_id=545"},"modified":"2023-07-04T22:17:30","modified_gmt":"2023-07-04T20:17:30","slug":"bejelentkezes-csoporotokna","status":"publish","type":"page","link":"https:\/\/kistemplom.dedipage.hu\/index.php\/bejelentkezes-csoporotokna\/","title":{"rendered":"Bejelentkez\u00e9s csoportoknak"},"content":{"rendered":"\n<div class=\"forminator-guttenberg\"><div class=\"forminator-ui forminator-custom-form forminator-custom-form-537 forminator-design--default  forminator_ajax\" data-forminator-render=\"0\" data-form=\"forminator-module-537\" data-uid=\"69e3a62a56241\"><br\/><\/div><form\n\t\t\t\tid=\"forminator-module-537\"\n\t\t\t\tclass=\"forminator-ui forminator-custom-form forminator-custom-form-537 forminator-design--default  forminator_ajax\"\n\t\t\t\tmethod=\"post\"\n\t\t\t\tdata-forminator-render=\"0\"\n\t\t\t\tdata-form-id=\"537\"\n\t\t\t\t data-color-option=\"default\" data-design=\"default\" data-grid=\"open\" style=\"display: none;\"\n\t\t\t\tdata-uid=\"69e3a62a56241\"\n\t\t\t><div role=\"alert\" aria-live=\"polite\" class=\"forminator-response-message forminator-error\" aria-hidden=\"true\"><\/div><div class=\"forminator-row\"><div id=\"name-1\" class=\"forminator-field-name forminator-col forminator-col-12 \"><div class=\"forminator-field\"><label for=\"forminator-field-name-1_69e3a62a56241\" id=\"forminator-field-name-1_69e3a62a56241-label\" class=\"forminator-label\">N\u00e9v: <span class=\"forminator-required\">*<\/span><\/label><input type=\"text\" name=\"name-1\" value=\"\" placeholder=\"\" id=\"forminator-field-name-1_69e3a62a56241\" class=\"forminator-input forminator-name--field\" aria-required=\"true\" autocomplete=\"name\" aria-describedby=\"forminator-field-name-1_69e3a62a56241-description\" \/><span id=\"forminator-field-name-1_69e3a62a56241-description\" class=\"forminator-description\">Csoportvezet\u0151 neve<\/span><\/div><\/div><\/div><div class=\"forminator-row\"><div id=\"email-1\" class=\"forminator-field-email forminator-col forminator-col-12 \"><div class=\"forminator-field\"><label for=\"forminator-field-email-1_69e3a62a56241\" id=\"forminator-field-email-1_69e3a62a56241-label\" class=\"forminator-label\">Email c\u00edm: <span class=\"forminator-required\">*<\/span><\/label><input type=\"email\" name=\"email-1\" value=\"\" placeholder=\"\" id=\"forminator-field-email-1_69e3a62a56241\" class=\"forminator-input forminator-email--field\" data-required=\"1\" aria-required=\"true\" autocomplete=\"email\" \/><\/div><\/div><\/div><div class=\"forminator-row\"><div id=\"phone-1\" class=\"forminator-field-phone forminator-col forminator-col-12 \"><div class=\"forminator-field\"><label for=\"forminator-field-phone-1_69e3a62a56241\" id=\"forminator-field-phone-1_69e3a62a56241-label\" class=\"forminator-label\">Telefonsz\u00e1m <span class=\"forminator-required\">*<\/span><\/label><input type=\"text\" name=\"phone-1\" value=\"\" placeholder=\"\" id=\"forminator-field-phone-1_69e3a62a56241\" class=\"forminator-input forminator-field--phone\" data-required=\"1\" aria-required=\"true\" autocomplete=\"off\" \/><\/div><\/div><\/div><div class=\"forminator-row\"><div id=\"date-1\" class=\"forminator-field-date forminator-col forminator-col-12 \"><div class=\"forminator-field\"><label for=\"forminator-field-date-1-picker_69e3a62a56241\" id=\"forminator-field-date-1-picker_69e3a62a56241-label\" class=\"forminator-label\">L\u00e1togat\u00e1s d\u00e1tuma <span class=\"forminator-required\">*<\/span><\/label><div class=\"forminator-input-with-icon\"><span class=\"forminator-icon-calendar\" aria-hidden=\"true\"><\/span><input autocomplete=\"off\" type=\"text\" size=\"1\" name=\"date-1\" value=\"\" placeholder=\"K\u00e9rj\u00fck v\u00e1lassza ki az \u00e9rkez\u00e9s d\u00e1tum\u00e1t\" id=\"forminator-field-date-1-picker_69e3a62a56241\" class=\"forminator-input forminator-datepicker\" data-required=\"1\" data-format=\"yy-mm-dd\" data-restrict-type=\"week\" data-restrict=\"0\" data-start-year=\"1926\" data-end-year=\"2126\" data-past-dates=\"enable\" data-start-of-week=\"1\" data-start-date=\"\" data-end-date=\"\" data-start-field=\"\" data-end-field=\"\" data-start-offset=\"\" data-end-offset=\"\" data-disable-date=\"\" data-disable-range=\"\" \/><\/div><\/div><\/div><\/div><div class=\"forminator-row\"><div id=\"time-1\" class=\"forminator-field-time forminator-col forminator-col-12 \"><label for=\"forminator-field-time-1\" id=\"forminator-field-time-1-label\" class=\"forminator-label\">\u00c9rkez\u00e9s id\u0151pontja <span class=\"forminator-required\">*<\/span><\/label><div class=\"forminator-timepicker\" ><div class=\"forminator-row\" data-multiple=\"true\"><div id=\"time-1-hours\" class=\"forminator-col forminator-col-6\"><div class=\"forminator-field\"><label for=\"forminator-field-537__field--time-1-hours_69e3a62a56241\" id=\"forminator-field-537__field--time-1-hours_69e3a62a56241-label\" class=\"forminator-label\">\u00d3ra<\/label><select name=\"time-1-hours\" id=\"forminator-field-537__field--time-1-hours_69e3a62a56241\" class=\"forminator-select2 time-hours has-time-limiter\" data-field=\"hours\" data-placeholder=\"Select\" aria-labelledby=\"forminator-field-537__field--time-1-hours_69e3a62a56241-label\" data-default-value=\"\"><option value=\"\" selected=\"selected\">-<\/option><option value=\"8\" >08<\/option><option value=\"9\" >09<\/option><option value=\"10\" >10<\/option><option value=\"11\" >11<\/option><option value=\"12\" >12<\/option><option value=\"13\" >13<\/option><option value=\"14\" >14<\/option><option value=\"15\" >15<\/option><option value=\"16\" >16<\/option><\/select><\/div><\/div><div id=\"time-1-minutes\" class=\"forminator-col forminator-col-6\"><div class=\"forminator-field\"><label for=\"forminator-field-537__field--time-1-minutes_69e3a62a56241\" id=\"forminator-field-537__field--time-1-minutes_69e3a62a56241-label\" class=\"forminator-label\">Perc<\/label><select name=\"time-1-minutes\" id=\"forminator-field-537__field--time-1-minutes_69e3a62a56241\" class=\"forminator-select2 time-minutes has-time-limiter\" data-field=\"minutes\" data-placeholder=\"Select\" aria-labelledby=\"forminator-field-537__field--time-1-minutes_69e3a62a56241-label\" data-default-value=\"\"><option value=\"\" selected=\"selected\">-<\/option><option value=\"0\" >00<\/option><option value=\"10\" >10<\/option><option value=\"20\" >20<\/option><option value=\"30\" >30<\/option><option value=\"40\" >40<\/option><option value=\"50\" >50<\/option><\/select><\/div><\/div><\/div><\/div><\/div><\/div><div class=\"forminator-row\"><div id=\"select-1\" class=\"forminator-field-select forminator-col forminator-col-12 \"><div class=\"forminator-field\"><label for=\"forminator-form-537__field--select-1_69e3a62a56241\" id=\"forminator-form-537__field--select-1_69e3a62a56241-label\" class=\"forminator-label\">Csoport jellege <span class=\"forminator-required\">*<\/span><\/label><select  id=\"forminator-form-537__field--select-1_69e3a62a56241\" class=\"forminator-select--field forminator-select2 forminator-select2-multiple\" data-required=\"1\" name=\"select-1\" data-default-value=\"one\" data-hidden-behavior=\"zero\" data-placeholder=\"Please select an option\" data-search=\"false\" data-search-placeholder=\"Please select an option\" data-checkbox=\"false\" data-allow-clear=\"false\" aria-labelledby=\"forminator-form-537__field--select-1_69e3a62a56241-label\"><option value=\"\"  >Please select an option<\/option><option value=\"one\" selected=\"selected\" data-calculation=\"0\">\u00d3vod\u00e1s<\/option><option value=\"two\"  data-calculation=\"0\">\u00c1ltal\u00e1nos iskol\u00e1s<\/option><option value=\"K\u00f6z\u00e9piskol\u00e1s\"  data-calculation=\"0\">K\u00f6z\u00e9piskol\u00e1s<\/option><option value=\"Egyetem---f\u0151iskol\u00e1s\"  data-calculation=\"0\">Egyetem \/ f\u0151iskol\u00e1s<\/option><option value=\"Feln\u0151tt\"  data-calculation=\"0\">Feln\u0151tt<\/option><option value=\"Nyugd\u00edjas\"  data-calculation=\"0\">Nyugd\u00edjas<\/option><\/select><\/div><\/div><\/div><input type=\"hidden\" name=\"referer_url\" value=\"\" \/><div class=\"forminator-row forminator-row-last\"><div class=\"forminator-col\"><div class=\"forminator-field\"><button class=\"forminator-button forminator-button-submit\">Id\u0151pont foglal&aacute;sa<\/button><\/div><\/div><\/div><input type=\"hidden\" id=\"forminator_nonce\" name=\"forminator_nonce\" value=\"e3ff964524\" \/><input type=\"hidden\" name=\"_wp_http_referer\" value=\"\/index.php\/wp-json\/wp\/v2\/pages\/545\" \/><input type=\"hidden\" name=\"form_id\" value=\"537\"><input type=\"hidden\" name=\"page_id\" value=\"545\"><input type=\"hidden\" name=\"form_type\" value=\"default\"><input type=\"hidden\" name=\"current_url\" value=\"https:\/\/kistemplom.dedipage.hu\/index.php\/bejelentkezes-csoporotokna\/\"><input type=\"hidden\" name=\"render_id\" value=\"0\"><input type=\"hidden\" name=\"action\" value=\"forminator_submit_form_custom-forms\"><\/form><\/div>\n","protected":false},"excerpt":{"rendered":"","protected":false},"author":1,"featured_media":0,"parent":0,"menu_order":0,"comment_status":"closed","ping_status":"closed","template":"","meta":{"_eb_attr":"","ngg_post_thumbnail":0,"footnotes":""},"class_list":["post-545","page","type-page","status-publish","hentry"],"rttpg_featured_image_url":null,"rttpg_author":{"display_name":"szilagyijanos","author_link":"https:\/\/kistemplom.dedipage.hu\/index.php\/author\/szilagyijanos\/"},"rttpg_comment":0,"rttpg_category":null,"rttpg_excerpt":null,"_links":{"self":[{"href":"https:\/\/kistemplom.dedipage.hu\/index.php\/wp-json\/wp\/v2\/pages\/545","targetHints":{"allow":["GET"]}}],"collection":[{"href":"https:\/\/kistemplom.dedipage.hu\/index.php\/wp-json\/wp\/v2\/pages"}],"about":[{"href":"https:\/\/kistemplom.dedipage.hu\/index.php\/wp-json\/wp\/v2\/types\/page"}],"author":[{"embeddable":true,"href":"https:\/\/kistemplom.dedipage.hu\/index.php\/wp-json\/wp\/v2\/users\/1"}],"replies":[{"embeddable":true,"href":"https:\/\/kistemplom.dedipage.hu\/index.php\/wp-json\/wp\/v2\/comments?post=545"}],"version-history":[{"count":0,"href":"https:\/\/kistemplom.dedipage.hu\/index.php\/wp-json\/wp\/v2\/pages\/545\/revisions"}],"wp:attachment":[{"href":"https:\/\/kistemplom.dedipage.hu\/index.php\/wp-json\/wp\/v2\/media?parent=545"}],"curies":[{"name":"wp","href":"https:\/\/api.w.org\/{rel}","templated":true}]}}