{"id":987,"date":"2023-09-05T21:36:56","date_gmt":"2023-09-05T19:36:56","guid":{"rendered":"https:\/\/kistemplom.dedipage.hu\/?page_id=987"},"modified":"2023-09-05T21:36:56","modified_gmt":"2023-09-05T19:36:56","slug":"esemenynaptar-es-online-bejelentkezes","status":"publish","type":"page","link":"https:\/\/kistemplom.dedipage.hu\/index.php\/esemenynaptar-es-online-bejelentkezes\/","title":{"rendered":"Esem\u00e9nynapt\u00e1r \u00e9s online bejelentkez\u00e9s"},"content":{"rendered":"","protected":false},"excerpt":{"rendered":"","protected":false},"author":1,"featured_media":0,"parent":0,"menu_order":0,"comment_status":"closed","ping_status":"closed","template":"","meta":{"_eb_attr":"","ngg_post_thumbnail":0,"footnotes":""},"class_list":["post-987","page","type-page","status-publish","hentry"],"rttpg_featured_image_url":null,"rttpg_author":{"display_name":"szilagyijanos","author_link":"https:\/\/kistemplom.dedipage.hu\/index.php\/author\/szilagyijanos\/"},"rttpg_comment":0,"rttpg_category":null,"rttpg_excerpt":null,"_links":{"self":[{"href":"https:\/\/kistemplom.dedipage.hu\/index.php\/wp-json\/wp\/v2\/pages\/987","targetHints":{"allow":["GET"]}}],"collection":[{"href":"https:\/\/kistemplom.dedipage.hu\/index.php\/wp-json\/wp\/v2\/pages"}],"about":[{"href":"https:\/\/kistemplom.dedipage.hu\/index.php\/wp-json\/wp\/v2\/types\/page"}],"author":[{"embeddable":true,"href":"https:\/\/kistemplom.dedipage.hu\/index.php\/wp-json\/wp\/v2\/users\/1"}],"replies":[{"embeddable":true,"href":"https:\/\/kistemplom.dedipage.hu\/index.php\/wp-json\/wp\/v2\/comments?post=987"}],"version-history":[{"count":0,"href":"https:\/\/kistemplom.dedipage.hu\/index.php\/wp-json\/wp\/v2\/pages\/987\/revisions"}],"wp:attachment":[{"href":"https:\/\/kistemplom.dedipage.hu\/index.php\/wp-json\/wp\/v2\/media?parent=987"}],"curies":[{"name":"wp","href":"https:\/\/api.w.org\/{rel}","templated":true}]}}