{"id":991,"date":"2023-09-05T21:38:49","date_gmt":"2023-09-05T19:38:49","guid":{"rendered":"https:\/\/kistemplom.dedipage.hu\/?page_id=991"},"modified":"2023-09-05T21:54:28","modified_gmt":"2023-09-05T19:54:28","slug":"elerhetosegek-2","status":"publish","type":"page","link":"https:\/\/kistemplom.dedipage.hu\/index.php\/elerhetosegek-2\/","title":{"rendered":"El\u00e9rhet\u0151s\u00e9gek &#8211; Turisztika"},"content":{"rendered":"\n<p>K\u00e9rd\u00e9seikkel forduljanak hozz\u00e1nk az al\u00e1bbi el\u00e9rhet\u0151s\u00e9geinken!<\/p>\n\n\n\n<p><strong>Debrecen Kistemplomi-Ispot\u00e1lyi Reform\u00e1tus Egyh\u00e1zk\u00f6zs\u00e9g Lelk\u00e9szi Hivatala<\/strong><br>4025 Debrecen, R\u00e9v\u00e9sz t\u00e9r 2.<\/p>\n\n\n\n<p><strong>Hivatali id\u0151:<\/strong><br>H\u00e9tf\u0151l-P\u00e9ntekig: 9-12 \u00f3ra k\u00f6z\u00f6tt<\/p>\n\n\n\n<p><strong>Tel.:<\/strong>&nbsp;+36-52\/342-872<br><strong>E-mail:<\/strong>&nbsp;kistemplomdebrecen@gmail.com<\/p>\n\n\n\n<p><strong>Torony- \u00e9s Kistemplomi M\u00fazeum l\u00e1togat\u00e1sa<\/strong><br>Telefonos el\u0151jegyz\u00e9s sz\u00fcks\u00e9ges: S\u00e1rosi D\u00e1niel: +36-30\/289-5597<\/p>\n\n\n\n<p><strong>Int\u00e9zm\u00e9ny<\/strong><\/p>\n\n\n\n<p><strong>Tel.:<\/strong>&nbsp;+36-52\/453-569<\/p>\n\n\n\n<p><strong>Hivatali id\u0151:<\/strong><br>H\u00e9tf\u0151l-P\u00e9ntekig: 8-16 \u00f3ra k\u00f6z\u00f6tt<\/p>\n\n\n\n<p><strong>Facebook oldalunk<\/strong><\/p>\n\n\n\n<p><a href=\"https:\/\/www.facebook.com\/pages\/category\/Religious-Organization\/Debreceni-Csonkatemplom-Kistemplom-283352542175295\/\" target=\"_blank\" rel=\"noreferrer noopener\">Facebook<\/a><\/p>\n","protected":false},"excerpt":{"rendered":"<p>K\u00e9rd\u00e9seikkel forduljanak hozz\u00e1nk az al\u00e1bbi el\u00e9rhet\u0151s\u00e9geinken! Debrecen Kistemplomi-Ispot\u00e1lyi Reform\u00e1tus Egyh\u00e1zk\u00f6zs\u00e9g Lelk\u00e9szi Hivatala4025 Debrecen, R\u00e9v\u00e9sz t\u00e9r 2. Hivatali id\u0151:H\u00e9tf\u0151l-P\u00e9ntekig: 9-12 \u00f3ra k\u00f6z\u00f6tt Tel.:&nbsp;+36-52\/342-872E-mail:&nbsp;kistemplomdebrecen@gmail.com Torony- \u00e9s Kistemplomi M\u00fazeum l\u00e1togat\u00e1saTelefonos el\u0151jegyz\u00e9s sz\u00fcks\u00e9ges: S\u00e1rosi D\u00e1niel: +36-30\/289-5597 Int\u00e9zm\u00e9ny Tel.:&nbsp;+36-52\/453-569 Hivatali id\u0151:H\u00e9tf\u0151l-P\u00e9ntekig: 8-16 \u00f3ra k\u00f6z\u00f6tt Facebook oldalunk Facebook<\/p>\n","protected":false},"author":1,"featured_media":0,"parent":0,"menu_order":0,"comment_status":"closed","ping_status":"closed","template":"","meta":{"_eb_attr":"","ngg_post_thumbnail":0,"footnotes":""},"class_list":["post-991","page","type-page","status-publish","hentry"],"rttpg_featured_image_url":null,"rttpg_author":{"display_name":"szilagyijanos","author_link":"https:\/\/kistemplom.dedipage.hu\/index.php\/author\/szilagyijanos\/"},"rttpg_comment":0,"rttpg_category":null,"rttpg_excerpt":"K\u00e9rd\u00e9seikkel forduljanak hozz\u00e1nk az al\u00e1bbi el\u00e9rhet\u0151s\u00e9geinken! Debrecen Kistemplomi-Ispot\u00e1lyi Reform\u00e1tus Egyh\u00e1zk\u00f6zs\u00e9g Lelk\u00e9szi Hivatala4025 Debrecen, R\u00e9v\u00e9sz t\u00e9r 2. Hivatali id\u0151:H\u00e9tf\u0151l-P\u00e9ntekig: 9-12 \u00f3ra k\u00f6z\u00f6tt Tel.:&nbsp;+36-52\/342-872E-mail:&nbsp;kistemplomdebrecen@gmail.com Torony- \u00e9s Kistemplomi M\u00fazeum l\u00e1togat\u00e1saTelefonos el\u0151jegyz\u00e9s sz\u00fcks\u00e9ges: S\u00e1rosi D\u00e1niel: +36-30\/289-5597 Int\u00e9zm\u00e9ny Tel.:&nbsp;+36-52\/453-569 Hivatali id\u0151:H\u00e9tf\u0151l-P\u00e9ntekig: 8-16 \u00f3ra k\u00f6z\u00f6tt Facebook oldalunk Facebook","_links":{"self":[{"href":"https:\/\/kistemplom.dedipage.hu\/index.php\/wp-json\/wp\/v2\/pages\/991","targetHints":{"allow":["GET"]}}],"collection":[{"href":"https:\/\/kistemplom.dedipage.hu\/index.php\/wp-json\/wp\/v2\/pages"}],"about":[{"href":"https:\/\/kistemplom.dedipage.hu\/index.php\/wp-json\/wp\/v2\/types\/page"}],"author":[{"embeddable":true,"href":"https:\/\/kistemplom.dedipage.hu\/index.php\/wp-json\/wp\/v2\/users\/1"}],"replies":[{"embeddable":true,"href":"https:\/\/kistemplom.dedipage.hu\/index.php\/wp-json\/wp\/v2\/comments?post=991"}],"version-history":[{"count":0,"href":"https:\/\/kistemplom.dedipage.hu\/index.php\/wp-json\/wp\/v2\/pages\/991\/revisions"}],"wp:attachment":[{"href":"https:\/\/kistemplom.dedipage.hu\/index.php\/wp-json\/wp\/v2\/media?parent=991"}],"curies":[{"name":"wp","href":"https:\/\/api.w.org\/{rel}","templated":true}]}}